{"id":2543,"date":"2014-07-16T16:40:56","date_gmt":"2014-07-16T14:40:56","guid":{"rendered":"https:\/\/tore.sawah.mobi\/?page_id=2543"},"modified":"2014-07-17T15:19:11","modified_gmt":"2014-07-17T13:19:11","slug":"grundlose-taubenborn","status":"publish","type":"page","link":"https:\/\/tore.sawah.mobi\/?page_id=2543","title":{"rendered":"Grundlose-Taubenborn"},"content":{"rendered":"<p><strong>Dem Wasserdrachen auf der Spur<\/strong><\/p>\n<p>Die Felsspalten und Ger\u00f6llfelder der Steilh\u00e4nge von Ziegenberg und Brunsberg bieten zahlreichen Tierarten ein ideales Versteck. Reichen die Spalten und G\u00e4nge tief genug in den Untergrund, sind sie als Winterquartier f\u00fcr wechselwarme Tiere wie Amphibien bestens geeignet, sofern sie frostfrei und hinreichend feucht sind. Die gut besonnten Rabenklippen am Ziegenberg erf\u00fcllen diese Bedingungen in idealer Weise. Bereits fr\u00fch im Jahr erw\u00e4rmen die Sonnenstrahlen die Verstecke und wecken ihre Bewohner aus dem Winterschlaf.<\/p>\n<p>Ziegenberg und Brunsberg beherbergen mit weit \u00fcber 50.000 Tieren das vermutlich gr\u00f6\u00dfte Amphibienvorkommen der n\u00f6rdlichen Mittelgebirge. Unter ihnen befindet sich auch unser gr\u00f6\u00dfter heimischer Schwanzlurch, der Kammmolch. Aufgrund seiner Gr\u00f6\u00dfe und des beeindruckenden Kammes erinnert er an die Miniaturausgabe eines Drachens. Erkunden Sie die Klippen und Felsformationen der Weserh\u00e4nge bei H\u00f6xter. Genie\u00dfen Sie die faszinierenden Ausblicke ins Wesertal und auf den benachbarten Solling. Entdecken Sie die Ruinen der einst m\u00e4chtigen Brunsburg, deren versch\u00fcttete Gew\u00f6lbe und zerfallende Mauern ebenfalls zum Reich des Wasserdrachens geh\u00f6ren. Folgen Sie der Wanderung des Kammolches zu seinen Laichgew\u00e4ssern und statten Sie ihm einen Besuch ab in den \u201eGrundlosen\u201c des Wesertales.<\/p>\n<p><strong>Im Reich des Wasserdrachens<\/strong><\/p>\n<p>Zehn Amphibienarten bev\u00f6lkern die Weserniederung bei H\u00f6xter. Drei davon sind europaweit\u00a0gesch\u00fctzt &#8211; unter ihnen der Kammmolch. Um das \u00dcberleben des Wasserdrachens dauerhaft\u00a0zu sichern, wurden die Gew\u00e4sser des Taubenborn\u00a0und der Grundlosen ebenso wie die sie umgebende traditionelle Kulturlandschaft als ein Baustein des europ\u00e4ischen Schutzgebietsystems \u201eNatura 2000\u201c unter Schutz gestellt. Hier von profitieren nicht nur die Amphibien sondern auch mehrere Reptilienarten &#8211; unter ihnen Ringel- und Schlingnatter &#8211; sowie zahlreiche seltene Vogelarten, wie Wasserralle oder Beutelmeise.<\/p>\n<p>Die zahlreichen Kleingew\u00e4sser dienen den Amphibien als Fortpflanzungsst\u00e4tte. Hier paaren sie sich, legen ihre Eier ab und entwickeln sich zum ausgewachsenen Lurch. Besonderer Beliebtheit erfreuen sich dabei die Grundlosen &#8211; wassergef\u00fcllte Erdf\u00e4lle, die durch Auslaugungen von Gips oder Salz tief im Untergrund entstanden sind.<\/p>","protected":false},"excerpt":{"rendered":"<p>Dem Wasserdrachen auf der Spur Die Felsspalten und Ger\u00f6llfelder der Steilh\u00e4nge von Ziegenberg und Brunsberg bieten zahlreichen Tierarten ein ideales Versteck. Reichen die Spalten und G\u00e4nge tief genug in den Untergrund, sind sie als Winterquartier f\u00fcr wechselwarme Tiere wie Amphibien bestens geeignet, sofern sie frostfrei und hinreichend feucht sind. Die gut besonnten Rabenklippen am Ziegenberg [&hellip;]<\/p>\n","protected":false},"author":2,"featured_media":2488,"parent":0,"menu_order":0,"comment_status":"open","ping_status":"open","template":"","meta":{"ngg_post_thumbnail":0},"_links":{"self":[{"href":"https:\/\/tore.sawah.mobi\/index.php?rest_route=\/wp\/v2\/pages\/2543"}],"collection":[{"href":"https:\/\/tore.sawah.mobi\/index.php?rest_route=\/wp\/v2\/pages"}],"about":[{"href":"https:\/\/tore.sawah.mobi\/index.php?rest_route=\/wp\/v2\/types\/page"}],"author":[{"embeddable":true,"href":"https:\/\/tore.sawah.mobi\/index.php?rest_route=\/wp\/v2\/users\/2"}],"replies":[{"embeddable":true,"href":"https:\/\/tore.sawah.mobi\/index.php?rest_route=%2Fwp%2Fv2%2Fcomments&post=2543"}],"version-history":[{"count":3,"href":"https:\/\/tore.sawah.mobi\/index.php?rest_route=\/wp\/v2\/pages\/2543\/revisions"}],"predecessor-version":[{"id":2568,"href":"https:\/\/tore.sawah.mobi\/index.php?rest_route=\/wp\/v2\/pages\/2543\/revisions\/2568"}],"wp:featuredmedia":[{"embeddable":true,"href":"https:\/\/tore.sawah.mobi\/index.php?rest_route=\/wp\/v2\/media\/2488"}],"wp:attachment":[{"href":"https:\/\/tore.sawah.mobi\/index.php?rest_route=%2Fwp%2Fv2%2Fmedia&parent=2543"}],"curies":[{"name":"wp","href":"https:\/\/api.w.org\/{rel}","templated":true}]}}