{"id":2553,"date":"2014-07-16T17:19:40","date_gmt":"2014-07-16T15:19:40","guid":{"rendered":"https:\/\/tore.sawah.mobi\/?page_id=2553"},"modified":"2014-07-16T17:43:14","modified_gmt":"2014-07-16T15:43:14","slug":"der-desenberg","status":"publish","type":"page","link":"https:\/\/tore.sawah.mobi\/?page_id=2553","title":{"rendered":"Der Desenberg"},"content":{"rendered":"<p><strong>Aufforderung zum Tanz auf dem Vulkan<\/strong><\/p>\n<p>Gut 150 m ragt der Desenberg aus der Ebene der Warburger B\u00f6rde auf. Die markante Erscheinung dieses kegelf\u00f6rmigen Berges hat die Menschen schon immer fasziniert. Nicht zuletzt wegen der fantastischen Aussichten, die der Gipfel des Berges bietet.<\/p>\n<p>Aber nicht nur f\u00fcr den Menschen ist der Berg von gro\u00dfer Attraktivit\u00e4t. Zahlreichen Insekten dienter als Landmarke! So auch dem Schwalbenschwanz, dem wohl sch\u00f6nsten heimischen Tagfalter. Will man ihn treffen, begibt man sich am Besten im Fr\u00fchsommer bei gutem Wetter auf den Berg. Dort kann man ihn im Bereich der Burgruine in aller Ruhe bei seinem \u201eTanz in den L\u00fcften\u201c beobachten. Die zur Schau gestellten Flugspiele dienen der Partnerfindung, denn f\u00fcr einen mobilen Schmetterling, der gro\u00dfe Areale befliegt, ist es sinnvoll, sich zum \u201eStelldichein\u201c an einem markanten Ort zu treffen \u2013 einem Ort wie dem Desenberg!<\/p>\n<p><strong>Aus Feuer geboren<\/strong><\/p>\n<p>Dass es sich bei den Flugspielen des Schwalbenschwanzes tats\u00e4chlich um einen \u201eTanz auf dem Vulkan\u201c handelt, macht ein Blick in die Vergangenheit des Berges deutlich. Er geh\u00f6rt zu den n\u00f6rdlichsten Ausl\u00e4ufern des gr\u00f6\u00dften Schildvulkans Mitteleuropas, dem 100 km s\u00fcdlich gelegenen Vogelsberg. Dieser spuckte vor 19 bis 9 Millionen Jahren Feuer und Asche. Der heutige Kreis H\u00f6xter ist von den verheerenden Eruptionen weitgehend verschont geblieben. Trotz seines markanten \u00c4u\u00dferen handelt es sich beim Desenberg nicht um einen Vulkan, sondern nur um einen Basaltschlot, der die Erdoberfl\u00e4che nicht durchbrochen hat. Da die zu Basalt erstarrte Magma wesentlich h\u00e4rter als das umgebende Gestein ist, wurde der Schlot im Laufe der Jahrmillionen von den einebnenden Kr\u00e4ften der Natur herauspr\u00e4pariert und pr\u00e4sentiert sich nun in seiner charakteristischen kegelf\u00f6rmigen Gestalt.<\/p>","protected":false},"excerpt":{"rendered":"<p>Aufforderung zum Tanz auf dem Vulkan Gut 150 m ragt der Desenberg aus der Ebene der Warburger B\u00f6rde auf. Die markante Erscheinung dieses kegelf\u00f6rmigen Berges hat die Menschen schon immer fasziniert. Nicht zuletzt wegen der fantastischen Aussichten, die der Gipfel des Berges bietet. Aber nicht nur f\u00fcr den Menschen ist der Berg von gro\u00dfer Attraktivit\u00e4t. [&hellip;]<\/p>\n","protected":false},"author":2,"featured_media":2490,"parent":0,"menu_order":0,"comment_status":"open","ping_status":"open","template":"","meta":{"ngg_post_thumbnail":0},"_links":{"self":[{"href":"https:\/\/tore.sawah.mobi\/index.php?rest_route=\/wp\/v2\/pages\/2553"}],"collection":[{"href":"https:\/\/tore.sawah.mobi\/index.php?rest_route=\/wp\/v2\/pages"}],"about":[{"href":"https:\/\/tore.sawah.mobi\/index.php?rest_route=\/wp\/v2\/types\/page"}],"author":[{"embeddable":true,"href":"https:\/\/tore.sawah.mobi\/index.php?rest_route=\/wp\/v2\/users\/2"}],"replies":[{"embeddable":true,"href":"https:\/\/tore.sawah.mobi\/index.php?rest_route=%2Fwp%2Fv2%2Fcomments&post=2553"}],"version-history":[{"count":1,"href":"https:\/\/tore.sawah.mobi\/index.php?rest_route=\/wp\/v2\/pages\/2553\/revisions"}],"predecessor-version":[{"id":2561,"href":"https:\/\/tore.sawah.mobi\/index.php?rest_route=\/wp\/v2\/pages\/2553\/revisions\/2561"}],"wp:featuredmedia":[{"embeddable":true,"href":"https:\/\/tore.sawah.mobi\/index.php?rest_route=\/wp\/v2\/media\/2490"}],"wp:attachment":[{"href":"https:\/\/tore.sawah.mobi\/index.php?rest_route=%2Fwp%2Fv2%2Fmedia&parent=2553"}],"curies":[{"name":"wp","href":"https:\/\/api.w.org\/{rel}","templated":true}]}}