{"id":2562,"date":"2014-07-16T17:32:18","date_gmt":"2014-07-16T15:32:18","guid":{"rendered":"https:\/\/tore.sawah.mobi\/?page_id=2562"},"modified":"2014-07-16T17:46:34","modified_gmt":"2014-07-16T15:46:34","slug":"kalkmagerrasen-bei-dalhausen","status":"publish","type":"page","link":"https:\/\/tore.sawah.mobi\/?page_id=2562","title":{"rendered":"Kalkmagerrasen bei Dalhausen"},"content":{"rendered":"<p><strong>Wo der Bock zum G\u00e4rtner wird<\/strong><\/p>\n<p>Einer der wohl sch\u00f6nsten Wanderwege des Weserberglandes f\u00fchrt bei den Ortschaften Dalhausen und Jakobsberg \u00fcber die H\u00f6hen beiderseits des Bevertales. Exotisch anmutende Orchideen auf Halbtrockenrasen, blumenbunte Bergwiesen, \u00fcppige Laubw\u00e4lder und k\u00fchle Bacht\u00e4ler sorgen f\u00fcr Abwechslung auf Schritt und Tritt. Besondere H\u00f6hepunkte auf der 13 km langen Wanderung sind die wundersch\u00f6nen Ausblicke ins Bevertal und der Kreuzweg am Kiepenberg. Wenn die F\u00fc\u00dfe m\u00fcde werden, laden bequeme Landschaftsliegen an idyllischen Rastpl\u00e4tzen zum Verweilen ein. Und die Kinder freuen sich \u00fcber die nicht allt\u00e4gliche Begegnung mit den munteren Ziegen auf den Viehweiden um Dalhausen.<\/p>\n<p><strong>Die \u201eKuh des kleinen Mannes\u201c<\/strong><\/p>\n<p>Die H\u00e4nge um Dalhausen dienten bis Mitte des letzten Jahrhunderts zahlreichen Ziegen als karge Weide. Ziegen waren g\u00fcnstiger und anspruchsloser als K\u00fche, brachten gute Milchertr\u00e4ge und lieferten Fleisch. Die Herden umfassten 300-400 der als Individualisten und Dickk\u00f6pfe bekannten Tiere \u2013 sicher keine leichte Aufgabe f\u00fcr die Ziegenhirten beim Auf- und Abtrieb.<\/p>\n<p>Die Lieblingsnahrung der Ziege ist das Laub der B\u00e4ume und Str\u00e4ucher. Daf\u00fcr klettert sie auch schon mal hinauf in das Ge\u00e4st. Kr\u00e4uter werden dagegen weniger stark verbissen. Ziegenweiden pr\u00e4sentieren sich deshalb als \u00e4u\u00dferst bl\u00fctenreiche Trockenrasen.<\/p>\n<p>Gleich an zwei Stellen f\u00fchrt der Wanderweg \u00fcber Ziegenweiden. Hier kann man mit den Tieren auf Tuchf\u00fchlung gehen. Besonders im Fr\u00fchjahr, wenn die Zicklein \u00fcber die Weiden toben, ist dies ein\u00a0gro\u00dfer Spa\u00df f\u00fcr Kinder. Zu einem wahren Volksfest hat sich inzwischen der Almabtrieb im September entwickelt. Hier k\u00f6nnen die Kinder festlich geschm\u00fcckte Ziegen am Seil ins Dorf hinabf\u00fchren.<\/p>","protected":false},"excerpt":{"rendered":"<p>Wo der Bock zum G\u00e4rtner wird Einer der wohl sch\u00f6nsten Wanderwege des Weserberglandes f\u00fchrt bei den Ortschaften Dalhausen und Jakobsberg \u00fcber die H\u00f6hen beiderseits des Bevertales. Exotisch anmutende Orchideen auf Halbtrockenrasen, blumenbunte Bergwiesen, \u00fcppige Laubw\u00e4lder und k\u00fchle Bacht\u00e4ler sorgen f\u00fcr Abwechslung auf Schritt und Tritt. Besondere H\u00f6hepunkte auf der 13 km langen Wanderung sind die [&hellip;]<\/p>\n","protected":false},"author":2,"featured_media":2491,"parent":0,"menu_order":0,"comment_status":"open","ping_status":"open","template":"","meta":{"ngg_post_thumbnail":0},"_links":{"self":[{"href":"https:\/\/tore.sawah.mobi\/index.php?rest_route=\/wp\/v2\/pages\/2562"}],"collection":[{"href":"https:\/\/tore.sawah.mobi\/index.php?rest_route=\/wp\/v2\/pages"}],"about":[{"href":"https:\/\/tore.sawah.mobi\/index.php?rest_route=\/wp\/v2\/types\/page"}],"author":[{"embeddable":true,"href":"https:\/\/tore.sawah.mobi\/index.php?rest_route=\/wp\/v2\/users\/2"}],"replies":[{"embeddable":true,"href":"https:\/\/tore.sawah.mobi\/index.php?rest_route=%2Fwp%2Fv2%2Fcomments&post=2562"}],"version-history":[{"count":1,"href":"https:\/\/tore.sawah.mobi\/index.php?rest_route=\/wp\/v2\/pages\/2562\/revisions"}],"predecessor-version":[{"id":2563,"href":"https:\/\/tore.sawah.mobi\/index.php?rest_route=\/wp\/v2\/pages\/2562\/revisions\/2563"}],"wp:featuredmedia":[{"embeddable":true,"href":"https:\/\/tore.sawah.mobi\/index.php?rest_route=\/wp\/v2\/media\/2491"}],"wp:attachment":[{"href":"https:\/\/tore.sawah.mobi\/index.php?rest_route=%2Fwp%2Fv2%2Fmedia&parent=2562"}],"curies":[{"name":"wp","href":"https:\/\/api.w.org\/{rel}","templated":true}]}}