{"id":2609,"date":"2014-07-18T16:24:06","date_gmt":"2014-07-18T14:24:06","guid":{"rendered":"https:\/\/tore.sawah.mobi\/?page_id=2609"},"modified":"2014-07-18T16:24:06","modified_gmt":"2014-07-18T14:24:06","slug":"kalkmagerrasen-bei-ossendorf","status":"publish","type":"page","link":"https:\/\/tore.sawah.mobi\/?page_id=2609","title":{"rendered":"Kalkmagerrasen bei Ossendorf"},"content":{"rendered":"<p><strong>Zeitreise durch uraltes Kulturland<\/strong><\/p>\n<p>Vor gut 7.000 Jahren hat der Mensch begonnen, in der Warburger B\u00f6rde Ackerbau zu betreiben. Seitdem wurde hier wie auch andernorts die Landschaft v\u00f6llig umgestaltet. Zahlreiche Zeugnisse alter Bewirtschaftungsformen finden sich entlang des Wegesrandes, unter anderem in Gestalt von Kalk-Halbtrockenrasen, blumenbunten M\u00e4hwiesen und flachgr\u00fcndigen Kalkscherben\u00e4ckern, S\u00e4umen, Ackerrainen und Hecken.<\/p>\n<p><strong>Landschaft aus dem Bilderbuch<\/strong><\/p>\n<p>Knapp 6,5 Kilometer ist der Rundweg lang, der von Germete aus den S\u00fcdhang des Heinbergs bis zum Heinturm erklimmt, sich dann nach Nordosten entlang in Richtung Warburg wendet und schlie\u00dflich durch den Buchenwald wieder zur Diemel hinab f\u00fchrt. An 12 Erlebnisstationen werden mit Bildern und H\u00f6rgeschichten interessante Details zur Umgebung vermittelt. Mit der speziell entwickelten kostenlosen App f\u00fcr Smartphones erf\u00e4hrt man zum Beispiel, warum gerade die Warburger B\u00f6rde schon fr\u00fch von Menschen besiedelt wurde und wie das Gebiet zwischen Heinberg und Warburg einst in die kriegerischen Handlungen des 7-j\u00e4hrigen Krieges verstrickt war. Informationstafeln stellen die Besonderheiten der heutigen Lebensr\u00e4ume und ihre Entwicklung vor und beschreiben, was der Mensch mit der Bl\u00fctenpracht einer Salbei-Glatthaferwiese oder eines Kalkscherbenackers zu tun hat&#8230;<\/p>","protected":false},"excerpt":{"rendered":"<p>Zeitreise durch uraltes Kulturland Vor gut 7.000 Jahren hat der Mensch begonnen, in der Warburger B\u00f6rde Ackerbau zu betreiben. Seitdem wurde hier wie auch andernorts die Landschaft v\u00f6llig umgestaltet. Zahlreiche Zeugnisse alter Bewirtschaftungsformen finden sich entlang des Wegesrandes, unter anderem in Gestalt von Kalk-Halbtrockenrasen, blumenbunten M\u00e4hwiesen und flachgr\u00fcndigen Kalkscherben\u00e4ckern, S\u00e4umen, Ackerrainen und Hecken. Landschaft aus [&hellip;]<\/p>\n","protected":false},"author":2,"featured_media":2481,"parent":0,"menu_order":0,"comment_status":"open","ping_status":"open","template":"","meta":{"ngg_post_thumbnail":0},"_links":{"self":[{"href":"https:\/\/tore.sawah.mobi\/index.php?rest_route=\/wp\/v2\/pages\/2609"}],"collection":[{"href":"https:\/\/tore.sawah.mobi\/index.php?rest_route=\/wp\/v2\/pages"}],"about":[{"href":"https:\/\/tore.sawah.mobi\/index.php?rest_route=\/wp\/v2\/types\/page"}],"author":[{"embeddable":true,"href":"https:\/\/tore.sawah.mobi\/index.php?rest_route=\/wp\/v2\/users\/2"}],"replies":[{"embeddable":true,"href":"https:\/\/tore.sawah.mobi\/index.php?rest_route=%2Fwp%2Fv2%2Fcomments&post=2609"}],"version-history":[{"count":1,"href":"https:\/\/tore.sawah.mobi\/index.php?rest_route=\/wp\/v2\/pages\/2609\/revisions"}],"predecessor-version":[{"id":2610,"href":"https:\/\/tore.sawah.mobi\/index.php?rest_route=\/wp\/v2\/pages\/2609\/revisions\/2610"}],"wp:featuredmedia":[{"embeddable":true,"href":"https:\/\/tore.sawah.mobi\/index.php?rest_route=\/wp\/v2\/media\/2481"}],"wp:attachment":[{"href":"https:\/\/tore.sawah.mobi\/index.php?rest_route=%2Fwp%2Fv2%2Fmedia&parent=2609"}],"curies":[{"name":"wp","href":"https:\/\/api.w.org\/{rel}","templated":true}]}}